{"id":20,"date":"2022-09-21T19:17:47","date_gmt":"2022-09-21T19:17:47","guid":{"rendered":"https:\/\/www.verticallink.com.co\/?page_id=20"},"modified":"2024-05-15T00:38:33","modified_gmt":"2024-05-15T00:38:33","slug":"contactenos","status":"publish","type":"page","link":"https:\/\/www.verticallink.com.co\/en\/contactenos\/","title":{"rendered":"Contact us"},"content":{"rendered":"<p><!-- start page-title --><\/p>\n<section class=\"page-title wp-image-672\" lune-helper=\"background\" style=\"background:url(https:\/\/www.verticallink.com.co\/wp-content\/uploads\/2022\/11\/seccion-contactenos.jpeg)  center \/ cover no-repeat;\">\n<div class=\"container\">\n<div class=\"row\">\n<div class=\"col col-xs-12\">\n<h2 class=\"\">Contact us<\/h2>\n<ol class=\"breadcrumb\">\n<li><a href=\"\/en\/\">Home<\/a><\/li>\n<li>Contact us<\/li>\n<\/ol><\/div>\n<\/p><\/div>\n<p> <!-- end row -->\n\t<\/div>\n<p> <!-- end container --><br \/>\n<\/section>\n<p><!-- end page-title --><\/p>\n<p><!-- start contact-page-section --><\/p>\n<section class=\"contact-page-section section-padding\">\n<div class=\"container\">\n<div class=\"row\">\n<div class=\"col col-lg-5 col-sm-6\">\n<div class=\"section-title-s3\">\n<h2 class=\"\">Contact Form<\/h2>\n<\/p><\/div>\n<\/p><\/div>\n<\/p><\/div>\n<div class=\"row\">\n<div class=\"col col-lg-6 col-md-7 contact-section\">\n<div class=\"contact-form\">\n<div lune-helper=\"shortcode\" class=\"lune-shortcode\">\n<div class=\"wpcf7 no-js\" id=\"wpcf7-f336-o1\" lang=\"en-US\" dir=\"ltr\" data-wpcf7-id=\"336\">\n<div class=\"screen-reader-response\"><p role=\"status\" aria-live=\"polite\" aria-atomic=\"true\"><\/p> <ul><\/ul><\/div>\n<form action=\"\/en\/wp-json\/wp\/v2\/pages\/20#wpcf7-f336-o1\" method=\"post\" class=\"wpcf7-form init\" aria-label=\"Contact form\" novalidate=\"novalidate\" data-status=\"init\" data-trp-original-action=\"\/en\/wp-json\/wp\/v2\/pages\/20#wpcf7-f336-o1\">\n<fieldset class=\"hidden-fields-container\"><input type=\"hidden\" name=\"_wpcf7\" value=\"336\" \/><input type=\"hidden\" name=\"_wpcf7_version\" value=\"6.1.5\" \/><input type=\"hidden\" name=\"_wpcf7_locale\" value=\"en_US\" \/><input type=\"hidden\" name=\"_wpcf7_unit_tag\" value=\"wpcf7-f336-o1\" \/><input type=\"hidden\" name=\"_wpcf7_container_post\" value=\"0\" \/><input type=\"hidden\" name=\"_wpcf7_posted_data_hash\" value=\"\" \/>\n<\/fieldset>\n<div class=\"w-100\">\n\t<div class=\"col-lg-6 pl-0\">\n\t\t<p><span class=\"wpcf7-form-control-wrap\" data-name=\"nombre\"><input size=\"40\" maxlength=\"400\" class=\"wpcf7-form-control wpcf7-text wpcf7-validates-as-required form-control\" aria-required=\"true\" aria-invalid=\"false\" placeholder=\"Name\" value=\"\" type=\"text\" name=\"nombre\" \/><\/span>\n\t\t<\/p>\n\t<\/div>\n\t<div class=\"col-lg-6 pr-0\">\n\t\t<p><span class=\"wpcf7-form-control-wrap\" data-name=\"apellidos\"><input size=\"40\" maxlength=\"400\" class=\"wpcf7-form-control wpcf7-text wpcf7-validates-as-required form-control\" aria-required=\"true\" aria-invalid=\"false\" placeholder=\"Last Name\" value=\"\" type=\"text\" name=\"apellidos\" \/><\/span>\n\t\t<\/p>\n\t<\/div>\n<\/div>\n<div >\n\t<p><span class=\"wpcf7-form-control-wrap\" data-name=\"email\"><input size=\"40\" maxlength=\"400\" class=\"wpcf7-form-control wpcf7-email wpcf7-validates-as-required wpcf7-text wpcf7-validates-as-email form-control\" aria-required=\"true\" aria-invalid=\"false\" placeholder=\"Email\" value=\"\" type=\"email\" name=\"email\" \/><\/span>\n\t<\/p>\n<\/div>\n<div >\n\t<p><span class=\"wpcf7-form-control-wrap\" data-name=\"asunto\"><input size=\"40\" maxlength=\"400\" class=\"wpcf7-form-control wpcf7-text wpcf7-validates-as-required form-control\" aria-required=\"true\" aria-invalid=\"false\" placeholder=\"Subject\" value=\"\" type=\"text\" name=\"asunto\" \/><\/span>\n\t<\/p>\n<\/div>\n<div>\n\t<p><span class=\"wpcf7-form-control-wrap\" data-name=\"mensaje\"><textarea cols=\"40\" rows=\"10\" maxlength=\"2000\" class=\"wpcf7-form-control wpcf7-textarea wpcf7-validates-as-required form-control\" aria-required=\"true\" aria-invalid=\"false\" placeholder=\"Message\" name=\"mensaje\"><\/textarea><\/span>\n\t<\/p>\n<\/div>\n<div class=\"submit-btn-wrapper\">\n\t<p><button type=\"submit\" class=\"theme-btn\" id=\"lune-magic-279\">Send<\/button>\n\t<\/p>\n<\/div><div class=\"wpcf7-response-output\" aria-hidden=\"true\"><\/div>\n<input type=\"hidden\" name=\"trp-form-language\" value=\"en\"\/><\/form>\n<\/div>\n<\/div>\n<\/p><\/div>\n<\/p><\/div>\n<div class=\"col col-lg-6 col-md-5\">\n<div class=\"contact-info-area contact-info\">\n<div class=\"title\" editable=\"inline\">\n<h3 class=\"\" editable=\"inline\">Contact Info<\/h3>\n<\/p><\/div>\n<p class=\"subtitle\">Physical And Electronic Channels For Customer Service<\/p>\n<div class=\"contact-info\" editable=\"rich\">\n<ul class=\"undefined\" editable=\"inline\">\n<li editable=\"inline\" class=\"lune-block\">\n<div class=\"icon\">\n\t\t\t\t\t\t\t\t\t<i class=\"ti-location-pin\"><\/i>\n\t\t\t\t\t\t\t\t<\/div>\n<p>Cra 55 N\u00b0 100-51 Centro Empresarial Blue Gardens <br \/>Barranquilla &#8211; Atl\u00e1ntico<\/p>\n<\/li>\n<li editable=\"inline\" class=\"\">\n<div class=\"icon\">\n\t\t\t\t\t\t\t\t\t<i class=\"ti-whatsapp\"><\/i>\n\t\t\t\t\t\t\t\t<\/div>\n<p class=\"mt-1\"><a href=\"https:\/\/wa.me\/573164640022\">316 464 0022<\/a><\/p>\n<\/li>\n<li editable=\"inline\" class=\"lune-block\">\n<div class=\"icon\">\n\t\t\t\t\t\t\t\t\t<i class=\"ti-mobile\"><\/i>\n\t\t\t\t\t\t\t\t<\/div>\n<p class=\"mt-1\"><a href=\"tel:6053856583\">(605)3856583<\/a><\/p>\n<\/li>\n<li editable=\"inline\" class=\"lune-block\">\n<div class=\"icon\">\n\t\t\t\t\t\t\t\t\t<i class=\"ti-email\"><\/i>\n\t\t\t\t\t\t\t\t<\/div>\n<p class=\"mt-1\">Peticiones quejas y reclamos <br \/><a href=\"mailto:info@verticallink.com.co\">info@verticallink.com.co<\/a><\/p>\n<\/li>\n<li editable=\"inline\" class=\"lune-block\">\n<div class=\"icon\">\n\t\t\t\t\t\t\t\t\t<i class=\"ti-email\"><\/i>\n\t\t\t\t\t\t\t\t<\/div>\n<p class=\"mt-1\">Notificaciones Judiciales <br \/><a href=\"mailto:info@verticallink.com.co\">info@verticallink.com.co<\/a><\/p>\n<\/li>\n<li editable=\"inline\" class=\"lune-block\">\n<div class=\"icon\">\n\t\t\t\t\t\t\t\t\t<i class=\"ti-email\"><\/i>\n\t\t\t\t\t\t\t\t<\/div>\n<p class=\"mt-1\">Formulario de peticiones, sugerencias y quejas<br \/><a href=\"https:\/\/docs.google.com\/forms\/d\/e\/1FAIpQLSe5uLewAPtS0v5meYyWilaNZyFLw4VApUjnv1XH0Uy0PGmv2g\/formrestricted\">Ver Aqu\u00ed<\/a><\/p>\n<\/li>\n<li editable=\"inline\" class=\"lune-block\">\n<div class=\"icon\">\n\t\t\t\t\t\t\t\t\t<i class=\"ti-email\"><\/i>\n\t\t\t\t\t\t\t\t<\/div>\n<p class=\"mt-1\">Facturas<br \/><a href=\"mailto:info@verticallink.com.co\">info@verticallink.com.co<\/a><\/p>\n<\/li>\n<li editable=\"inline\" class=\"lune-block\">\n<div class=\"icon\">\n\t\t\t\t\t\t\t\t\t<i class=\"ti-email\"><\/i>\n\t\t\t\t\t\t\t\t<\/div>\n<p class=\"mt-1\">Si quieres ofrecernos tus productos y\/o servicios, envianos tu portafolio a:&nbsp;<a href=\"mailto:info@verticallink.com.co\">info@verticallink.com.co<\/a><\/p>\n<\/li>\n<\/ul><\/div>\n<\/p><\/div>\n<\/p><\/div>\n<\/p><\/div>\n<\/p><\/div>\n<p> <!-- end container --><br \/>\n<\/section>\n<p><!-- end contact-page-section --><\/p>\n<p><!-- start contact-map-section --><\/p>\n<p><!-- end contact-map-section --><\/p>","protected":false},"excerpt":{"rendered":"<p>Cont\u00e1ctenos Inicio Cont\u00e1ctenos Formulario de Cont\u00e1cto informacion de contacto Canales Fisicos Y Electronicos Para Atenci\u00f3n Al Publico Cra 55 N\u00b0 100-51 Centro Empresarial Blue Gardens Barranquilla &#8211; Atl\u00e1ntico 316 464 0022 (605)3856583 Peticiones quejas y reclamos info@verticallink.com.co Notificaciones Judiciales info@verticallink.com.co Formulario de peticiones, sugerencias y quejasVer Aqu\u00ed Facturasinfo@verticallink.com.co Si quieres ofrecernos tus productos y\/o servicios, [&hellip;]<\/p>\n","protected":false},"author":1,"featured_media":0,"parent":0,"menu_order":0,"comment_status":"closed","ping_status":"closed","template":"","meta":{"footnotes":""},"class_list":["post-20","page","type-page","status-publish","hentry"],"_links":{"self":[{"href":"https:\/\/www.verticallink.com.co\/en\/wp-json\/wp\/v2\/pages\/20","targetHints":{"allow":["GET"]}}],"collection":[{"href":"https:\/\/www.verticallink.com.co\/en\/wp-json\/wp\/v2\/pages"}],"about":[{"href":"https:\/\/www.verticallink.com.co\/en\/wp-json\/wp\/v2\/types\/page"}],"author":[{"embeddable":true,"href":"https:\/\/www.verticallink.com.co\/en\/wp-json\/wp\/v2\/users\/1"}],"replies":[{"embeddable":true,"href":"https:\/\/www.verticallink.com.co\/en\/wp-json\/wp\/v2\/comments?post=20"}],"version-history":[{"count":32,"href":"https:\/\/www.verticallink.com.co\/en\/wp-json\/wp\/v2\/pages\/20\/revisions"}],"predecessor-version":[{"id":1488,"href":"https:\/\/www.verticallink.com.co\/en\/wp-json\/wp\/v2\/pages\/20\/revisions\/1488"}],"wp:attachment":[{"href":"https:\/\/www.verticallink.com.co\/en\/wp-json\/wp\/v2\/media?parent=20"}],"curies":[{"name":"wp","href":"https:\/\/api.w.org\/{rel}","templated":true}]}}