{"id":14,"date":"2022-09-21T19:17:11","date_gmt":"2022-09-21T19:17:11","guid":{"rendered":"https:\/\/www.verticallink.com.co\/?page_id=14"},"modified":"2024-05-15T00:06:17","modified_gmt":"2024-05-15T00:06:17","slug":"nosotros","status":"publish","type":"page","link":"https:\/\/www.verticallink.com.co\/en\/nosotros\/","title":{"rendered":"About Us"},"content":{"rendered":"<p><!-- start page-title --><\/p>\n<section class=\"page-title wp-image-500\" lune-helper=\"background\" style=\"background:url(https:\/\/www.verticallink.com.co\/wp-content\/uploads\/2022\/11\/imagen-seccion-nosotros.jpg)  center \/ cover no-repeat;\">\n<div class=\"container\">\n<div class=\"row\">\n<div class=\"col col-xs-12\">\n<h2 class=\"\">About Us<\/h2>\n<ol class=\"breadcrumb\">\n<li><a href=\"\/en\/\">Home<\/a><\/li>\n<li editable=\"inline\" class=\"\">About Us<\/li>\n<\/ol><\/div>\n<\/p><\/div>\n<p> <!-- end row -->\n\t<\/div>\n<p> <!-- end container --><br \/>\n<\/section>\n<p><!-- end page-title --><\/p>\n<p><!-- start features-section-s2 --><\/p>\n<section class=\"features-section-s2 pb-0 section-padding bg-corporative\">\n<div class=\"container\">\n<div class=\"row\">\n<div class=\"col col-xs-12\">\n<div class=\"feature-grids\">\n<div class=\"grid\">\n<div class=\"icon\">\n\t\t\t\t\t\t\t<i class=\"fi flaticon-analysis text-light\"><\/i>\n\t\t\t\t\t\t<\/div>\n<h3 class=\"text-light\">Quality Designs<\/h3>\n<p>We guarantee the highest possible quality in all our projects to achieve maximum customer satisfaction.<\/p>\n<\/p><\/div>\n<div class=\"grid\">\n<div class=\"icon\">\n\t\t\t\t\t\t\t<em class=\"fi flaticon-report\"><\/em>\n\t\t\t\t\t\t<\/div>\n<h3 class=\"lune-highlight-column\" editable=\"inline\">Performance<\/h3>\n<p>Contribute permanently to the continuous improvement in the management and performance of our Integral Management System.<\/p>\n<\/p><\/div>\n<div class=\"grid\">\n<div class=\"icon\">\n\t\t\t\t\t\t\t<i class=\"fi text-light flaticon-leadership\"><\/i>\n\t\t\t\t\t\t<\/div>\n<h3 class=\"text-light\">Qualified Team<\/h3>\n<p>We have a qualified and committed team, an appropriate infrastructure, and a group of competent suppliers and contractors.<\/p>\n<\/p><\/div>\n<\/p><\/div>\n<\/p><\/div>\n<\/p><\/div>\n<\/p><\/div>\n<p> <!-- end container --><br \/>\n<\/section>\n<p><!-- end features-section-s2 --><\/p>\n<p><!-- start about-section-s2 --><\/p>\n<section class=\"about-section-s2 section-padding\">\n<div class=\"container\">\n<div class=\"row\">\n<div class=\"col col-md-6\">\n<div class=\"about-info\">\n<h3 editable=\"inline\" contenteditable=\"true\" class=\"\">We are Vertical Link Ingenier\u00eda S.A.S<\/h3>\n<p>Empresa Colombiana con m\u00e1s de 12 a\u00f1os en el mercado, desarrollando <a href=\"\/en\/proyectos\/\">proyectos<\/a> en sectores de infraestructura, edificaciones, obras civiles y O\u00edl and Gas a nivel nacional e internacional, contribuyendo al crecimiento de la regi\u00f3n y comprometida con su entorno, medio ambiente, sus colaboradores y la seguridad y salud en el trabajo.<\/p>\n<\/p><\/div>\n<\/p><\/div>\n<div class=\"col col-lg-5 col-lg-offset-1 col-md-6\">\n<div class=\"\">\n\t\t\t\t\t<img loading=\"lazy\" decoding=\"async\" src=\"\/wp-content\/uploads\/2022\/10\/img244.jpg\" width=\"1288\" height=\"819\" srcset=\"\/wp-content\/uploads\/2022\/10\/img244.jpg 1288w, \/wp-content\/uploads\/2022\/10\/img244-300x191.jpg 300w, \/wp-content\/uploads\/2022\/10\/img244-1024x651.jpg 1024w, \/wp-content\/uploads\/2022\/10\/img244-768x488.jpg 768w, \/wp-content\/uploads\/2022\/10\/img244-1x1.jpg 1w, \/wp-content\/uploads\/2022\/10\/img244-360x229.jpg 360w\" sizes=\"auto, (max-width: 1288px) 100vw, 1288px\" class=\"wp-image-378\">\n\t\t\t\t<\/div>\n<\/p><\/div>\n<\/p><\/div>\n<\/p><\/div>\n<p> <!-- end container --><br \/>\n<\/section>\n<p><!-- end about-section-s2 --><\/p>\n<p><!-- start mission-vision-section --><\/p>\n<section class=\"mission-vision-section section-padding\">\n<div class=\"container\">\n<div class=\"row mission-vision\">\n<div class=\"col col-md-4\">\n<div class=\"detail\">\n<h3 class=\"text-center\" editable=\"inline\">Mission<\/h3>\n<p>Somos una empresa dedicada a la gesti\u00f3n de proyectos en sectores de infraestructura, edificaciones, Obras civiles y O\u00edl and Gas a nivel nacional e internacional, proporcionando bienes y servicios para satisfacer las necesidades de nuestros clientes, entendiendo sus necesidades y optimizando la mejora continua de los procesos.<\/p>\n<\/p>\n<\/p><\/div>\n<div class=\"detail pt-5\">\n<h3 class=\"text-center\" editable=\"inline\">Corporate Values<\/h3>\n<ul class=\"list-group\">\n<li>Trust with Our Customers<\/li>\n<li>Teamwork<\/li>\n<li>Honesty<\/li>\n<li>Human Well-being<\/li>\n<li>Responsibility<\/li>\n<\/ul><\/div>\n<\/p><\/div>\n<div class=\"col col-md-4\">\n<div class=\"details\">\n<h3 class=\"text-center\" editable=\"inline\">Vision<\/h3>\n<p>Ser reconocida en el mercado para el 2026 como una empresa que ofrece bienes y servicios de excelente calidad en nuestros productos de Infraestructura, Edificaciones, obra civiles y o\u00edl and gas, con un uso responsable y eficiente de los recursos energ\u00e9ticos y a su vez comprometida con su entorno, medio ambiente, sus colaboradores y la seguridad y salud en el trabajo.\n\t\t\t\t\t<\/p>\n<\/p><\/div>\n<\/p><\/div>\n<div class=\"col col-md-4 mb-3\">\n<div class=\"details\">\n<h3 class=\"text-center\" editable=\"inline\">Quality Politics<\/h3>\n<p>Offer designs and constructions in the civil engineering branch, directed and controlled utilizing quality standards.\n\t\t\t\t\t<\/p>\n<\/p>\n<p>Ensure that the customer's requirements are met as a basis for meeting their needs. <\/p>\n<p>Contribute permanently to the continuous improvement in the management and performance of our Integral Management System. <\/p>\n<p>Provide the human, physical, financial, and technological resources that are necessary for the Integral Management System. <\/p>\n<p>Promote actions aimed at preventing injuries and diseases of our workers, visitors, and contractors; following the risks associated with the operations carried out within our organization.<\/p>\n<\/p><\/div>\n<\/p><\/div>\n<div class=\"col col-md-4\">\n<div class=\"details\">\n<h3 class=\"text-center\" editable=\"inline\">Sustainability<\/h3>\n<p>We are committed to promoting an environmentally respectful value chain through concrete initiatives. We research the life cycle of our inputs and prioritize recycling and proper disposal of materials. Sustainability is a fundamental pillar of our agenda, guiding us towards more environmentally respectful projects with long-term durability.<\/p>\n<\/p><\/div>\n<\/p><\/div>\n<div class=\"col col-md-4\">\n<div class=\"details\">\n<h3 class=\"text-center\" editable=\"inline\" contenteditable=\"true\">Certifications<\/h3>\n<p>Our Integrated Management Policy is to be the best option for our customers through the sustainability of our projects and\/or the provision of comprehensive, innovative, and high-quality services. Within the framework of globalization, we work under international standards based on ISO 9001, ISO 14001, and ISO 45001.<\/p>\n<\/p><\/div>\n<\/p><\/div>\n<\/p><\/div>\n<\/p><\/div>\n<p> <!-- end container --><br \/>\n<\/section>\n<p><!-- end mission-vision-section --><\/p>\n<p><!-- start contact-section --><\/p>\n<section class=\"team-section section-padding bg-corporative\">\n<div class=\"container\">\n<div class=\"row\">\n<div class=\"col col-lg-6 col-md-7\">\n<div class=\"section-title-s3\">\n<h2 class=\"text-light\" editable=\"inline\">Our worth proposal<\/h2>\n<p class=\"text-light\">\n\t\t\t\t\t\tWe work with responsibility and respect for our collaborators, the community, and the environment, always based on objectives that guarantee to meet each of the needs of our customers in a personalized way. <\/p>\n<\/p>\n<p class=\"text-light\">* Qualified staff <br \/>*Personalized attention <br \/>* Specialized staff<br \/>*Efficiency <\/p>\n<div class=\"btns\">\n\t\t\t\t\t\t<a href=\"\/en\/contacto\/\" class=\"btn text-light btn-primary theme-btn\">Contact us<\/a>\n\t\t\t\t\t<\/div>\n<\/p><\/div>\n<\/p><\/div>\n<div class=\"col col-lg-6 col-md-6\">\n<div class=\"video-holder\">\n\t\t\t\t\t<img loading=\"lazy\" decoding=\"async\" src=\"\/wp-content\/uploads\/2022\/11\/team-vertical-1-1024x683.jpeg\" width=\"1024\" height=\"683\" srcset=\"\/wp-content\/uploads\/2022\/11\/team-vertical-1-1024x683.jpeg 1024w, \/wp-content\/uploads\/2022\/11\/team-vertical-1-300x200.jpeg 300w, \/wp-content\/uploads\/2022\/11\/team-vertical-1-768x512.jpeg 768w, \/wp-content\/uploads\/2022\/11\/team-vertical-1-1536x1024.jpeg 1536w, \/wp-content\/uploads\/2022\/11\/team-vertical-1-1x1.jpeg 1w, \/wp-content\/uploads\/2022\/11\/team-vertical-1-360x240.jpeg 360w, \/wp-content\/uploads\/2022\/11\/team-vertical-1.jpeg 1920w\" sizes=\"auto, (max-width: 1024px) 100vw, 1024px\" class=\"wp-image-479\">\n\t\t\t\t<\/div>\n<\/p><\/div>\n<\/p><\/div>\n<\/p><\/div>\n<p> <!-- end container --><br \/>\n<\/section>\n<p><!-- end contact-section --><\/p>","protected":false},"excerpt":{"rendered":"<p>Nosotros Inicio Nosotros Dise\u00f1os con Calidad Garantizamos la mayor calidad posible en todos nuestros proyectos porque nuestros clientes merecen lo mejor. Cumplimiento Contribuir de manera permanente al mejoramiento continuo en la gesti\u00f3n y el desempe\u00f1o de nuestro Sistema de Gesti\u00f3n Integral. Profesionales Cal\u00edficados Contamos con un equipo calificado y comprometido, una infraestructura apropiada y un [&hellip;]<\/p>\n","protected":false},"author":1,"featured_media":0,"parent":0,"menu_order":0,"comment_status":"closed","ping_status":"closed","template":"","meta":{"footnotes":""},"class_list":["post-14","page","type-page","status-publish","hentry"],"_links":{"self":[{"href":"https:\/\/www.verticallink.com.co\/en\/wp-json\/wp\/v2\/pages\/14","targetHints":{"allow":["GET"]}}],"collection":[{"href":"https:\/\/www.verticallink.com.co\/en\/wp-json\/wp\/v2\/pages"}],"about":[{"href":"https:\/\/www.verticallink.com.co\/en\/wp-json\/wp\/v2\/types\/page"}],"author":[{"embeddable":true,"href":"https:\/\/www.verticallink.com.co\/en\/wp-json\/wp\/v2\/users\/1"}],"replies":[{"embeddable":true,"href":"https:\/\/www.verticallink.com.co\/en\/wp-json\/wp\/v2\/comments?post=14"}],"version-history":[{"count":31,"href":"https:\/\/www.verticallink.com.co\/en\/wp-json\/wp\/v2\/pages\/14\/revisions"}],"predecessor-version":[{"id":1479,"href":"https:\/\/www.verticallink.com.co\/en\/wp-json\/wp\/v2\/pages\/14\/revisions\/1479"}],"wp:attachment":[{"href":"https:\/\/www.verticallink.com.co\/en\/wp-json\/wp\/v2\/media?parent=14"}],"curies":[{"name":"wp","href":"https:\/\/api.w.org\/{rel}","templated":true}]}}